{"id":995,"date":"2018-08-29T18:29:22","date_gmt":"2018-08-29T21:29:22","guid":{"rendered":"https:\/\/isfd157-bue.infd.edu.ar\/sitio\/examenes-febrero-marzo-2017-2o-llamado\/"},"modified":"2021-02-12T11:19:23","modified_gmt":"2021-02-12T14:19:23","slug":"febreromarzo21","status":"publish","type":"page","link":"https:\/\/isfd157-bue.infd.edu.ar\/sitio\/febreromarzo21\/","title":{"rendered":"Ex\u00e1menes Febrero-Marzo 2021"},"content":{"rendered":"<p>Las mesas de ex\u00e1menes finales que corresponden al per\u00edodo febrero y marzo 2021, son las siguientes:<\/p>\n<p><a href=\"https:\/\/isfd157-bue.infd.edu.ar\/sitio\/wp-content\/uploads\/2021\/02\/MESAS-DE-EXAMENES-2021-FEBRERO.pdf\">Ex\u00e1menes FEBRERO<\/a><\/p>\n<p><a href=\"https:\/\/isfd157-bue.infd.edu.ar\/sitio\/wp-content\/uploads\/2021\/02\/MESAS-DE-EXAMENES-2021-marzo.pdf\">Ex\u00e1menes MARZO<\/a><\/p>\n<p>No duden en consultar a Vilma (preceptora).<\/p>\n","protected":false},"excerpt":{"rendered":"<p>Las mesas de ex\u00e1menes finales que corresponden al per\u00edodo febrero y marzo 2021, son las siguientes: Ex\u00e1menes FEBRERO Ex\u00e1menes MARZO No duden en consultar a Vilma (preceptora).<\/p>\n","protected":false},"author":7,"featured_media":0,"parent":0,"menu_order":0,"comment_status":"closed","ping_status":"closed","template":"","meta":[],"acf":[],"_links":{"self":[{"href":"https:\/\/isfd157-bue.infd.edu.ar\/sitio\/wp-json\/wp\/v2\/pages\/995"}],"collection":[{"href":"https:\/\/isfd157-bue.infd.edu.ar\/sitio\/wp-json\/wp\/v2\/pages"}],"about":[{"href":"https:\/\/isfd157-bue.infd.edu.ar\/sitio\/wp-json\/wp\/v2\/types\/page"}],"author":[{"embeddable":true,"href":"https:\/\/isfd157-bue.infd.edu.ar\/sitio\/wp-json\/wp\/v2\/users\/7"}],"replies":[{"embeddable":true,"href":"https:\/\/isfd157-bue.infd.edu.ar\/sitio\/wp-json\/wp\/v2\/comments?post=995"}],"version-history":[{"count":3,"href":"https:\/\/isfd157-bue.infd.edu.ar\/sitio\/wp-json\/wp\/v2\/pages\/995\/revisions"}],"predecessor-version":[{"id":1125,"href":"https:\/\/isfd157-bue.infd.edu.ar\/sitio\/wp-json\/wp\/v2\/pages\/995\/revisions\/1125"}],"wp:attachment":[{"href":"https:\/\/isfd157-bue.infd.edu.ar\/sitio\/wp-json\/wp\/v2\/media?parent=995"}],"curies":[{"name":"wp","href":"https:\/\/api.w.org\/{rel}","templated":true}]}}