{"id":979,"date":"2018-08-29T18:29:17","date_gmt":"2018-08-29T21:29:17","guid":{"rendered":"https:\/\/isfd157-bue.infd.edu.ar\/sitio\/acto-bicentenario-de-la-independencia\/"},"modified":"2020-09-01T20:03:05","modified_gmt":"2020-09-01T23:03:05","slug":"acto-bicentenario-de-la-independencia","status":"publish","type":"page","link":"https:\/\/isfd157-bue.infd.edu.ar\/sitio\/acto-bicentenario-de-la-independencia\/","title":{"rendered":"Acto Bicentenario de la Independencia"},"content":{"rendered":"<p><img decoding=\"async\" title=\"\" src=\"https:\/\/isfd157-bue.infd.edu.ar\/sitio\/wp-content\/uploads\/2018\/08\/Acto9jul.esc16.jpg\" alt=\"\" border=\"0\" \/><\/p>\n<p>El d\u00eda 7 de julio se llev\u00f3 a cabo el Acto Central por el Bicentenario de la Independencia, el mismo se realiz\u00f3 en la calle y participaron todos los niveles.<\/p>\n<p>El nivel superior brind\u00f3 un peric\u00f3n a cargo de las alumnas de 3\u00ba a\u00f1o.<\/p>\n","protected":false},"excerpt":{"rendered":"<p>El d\u00eda 7 de julio se llev\u00f3 a cabo el Acto Central por el Bicentenario de la Independencia, el mismo se realiz\u00f3 en la calle y participaron todos los niveles. El nivel superior brind\u00f3 un peric\u00f3n a cargo de las alumnas de 3\u00ba a\u00f1o.<\/p>\n","protected":false},"author":7,"featured_media":0,"parent":0,"menu_order":0,"comment_status":"closed","ping_status":"closed","template":"","meta":[],"acf":[],"_links":{"self":[{"href":"https:\/\/isfd157-bue.infd.edu.ar\/sitio\/wp-json\/wp\/v2\/pages\/979"}],"collection":[{"href":"https:\/\/isfd157-bue.infd.edu.ar\/sitio\/wp-json\/wp\/v2\/pages"}],"about":[{"href":"https:\/\/isfd157-bue.infd.edu.ar\/sitio\/wp-json\/wp\/v2\/types\/page"}],"author":[{"embeddable":true,"href":"https:\/\/isfd157-bue.infd.edu.ar\/sitio\/wp-json\/wp\/v2\/users\/7"}],"replies":[{"embeddable":true,"href":"https:\/\/isfd157-bue.infd.edu.ar\/sitio\/wp-json\/wp\/v2\/comments?post=979"}],"version-history":[{"count":1,"href":"https:\/\/isfd157-bue.infd.edu.ar\/sitio\/wp-json\/wp\/v2\/pages\/979\/revisions"}],"predecessor-version":[{"id":1118,"href":"https:\/\/isfd157-bue.infd.edu.ar\/sitio\/wp-json\/wp\/v2\/pages\/979\/revisions\/1118"}],"wp:attachment":[{"href":"https:\/\/isfd157-bue.infd.edu.ar\/sitio\/wp-json\/wp\/v2\/media?parent=979"}],"curies":[{"name":"wp","href":"https:\/\/api.w.org\/{rel}","templated":true}]}}