{"id":939,"date":"2018-08-29T18:29:03","date_gmt":"2018-08-29T21:29:03","guid":{"rendered":"https:\/\/isfd157-bue.infd.edu.ar\/sitio\/correlatividades\/"},"modified":"2024-12-11T20:29:02","modified_gmt":"2024-12-11T23:29:02","slug":"correlatividades","status":"publish","type":"page","link":"https:\/\/isfd157-bue.infd.edu.ar\/sitio\/correlatividades\/","title":{"rendered":"Correlatividades"},"content":{"rendered":"<p>El siguiente esquema de correlatividades entra en plena vigencia en el a\u00f1o 2025<\/p>\n<table width=\"605\">\n<tbody>\n<tr>\n<td width=\"217\"><strong>Unidades curriculares de 2\u00ba a\u00f1o<\/strong><\/td>\n<td width=\"192\"><strong>Cursada aprobada de:<\/strong><\/td>\n<td width=\"195\"><strong>Unidad curricular acreditada de:<\/strong><\/td>\n<\/tr>\n<tr>\n<td width=\"217\">Psicolog\u00eda del desarrollo y el aprendizaje II<\/td>\n<td width=\"192\">Psicolog\u00eda del desarrollo y el aprendizaje I<\/td>\n<td width=\"195\">&#8212;&#8212;&#8212;&#8212;&#8212;<\/td>\n<\/tr>\n<tr>\n<td width=\"217\">Psicolog\u00eda Social e Institucional<\/td>\n<td width=\"192\">&#8212;&#8212;&#8212;&#8212;&#8212;<\/td>\n<td width=\"195\">&#8212;&#8212;&#8212;&#8212;&#8212;-<\/td>\n<\/tr>\n<tr>\n<td width=\"217\">Cultura, Comunicaci\u00f3n y Educaci\u00f3n<\/td>\n<td width=\"192\">&#8212;&#8212;&#8212;&#8212;&#8212;<\/td>\n<td width=\"195\">&#8212;&#8212;&#8212;&#8212;&#8212;-<\/td>\n<\/tr>\n<tr>\n<td width=\"217\">Educaci\u00f3n Art\u00edstica<\/td>\n<td width=\"192\">&#8212;&#8212;&#8212;&#8212;&#8212;<\/td>\n<td width=\"195\">&#8212;&#8212;&#8212;&#8212;&#8212;-<\/td>\n<\/tr>\n<tr>\n<td width=\"217\">Did\u00e1ctica de las Pr\u00e1cticas del Lenguaje y la Literatura I<\/td>\n<td width=\"192\">&#8212;&#8212;&#8212;&#8212;&#8212;<\/td>\n<td width=\"195\">&#8212;&#8212;&#8212;&#8212;&#8212;-<\/td>\n<\/tr>\n<tr>\n<td width=\"217\">Did\u00e1ctica de las Pr\u00e1cticas de las Ciencias Sociales I<\/td>\n<td width=\"192\">&#8212;&#8212;&#8212;&#8212;&#8212;<\/td>\n<td width=\"195\">&#8212;&#8212;&#8212;&#8212;&#8212;-<\/td>\n<\/tr>\n<tr>\n<td width=\"217\">Did\u00e1ctica de las Ciencias Naturales I<\/td>\n<td width=\"192\">&#8212;&#8212;&#8212;&#8212;&#8212;<\/td>\n<td width=\"195\">&#8212;&#8212;&#8212;&#8212;&#8212;-<\/td>\n<\/tr>\n<tr>\n<td width=\"217\">Did\u00e1ctica de las Matem\u00e1tica I<\/td>\n<td width=\"192\">&#8212;&#8212;&#8212;&#8212;&#8212;<\/td>\n<td width=\"195\">&#8212;&#8212;&#8212;&#8212;&#8212;&#8211;<\/td>\n<\/tr>\n<tr>\n<td width=\"217\">Teor\u00edas Sociopol\u00edticas y Educaci\u00f3n<\/td>\n<td width=\"192\">&#8212;&#8212;&#8212;&#8212;&#8212;<\/td>\n<td width=\"195\">&#8212;&#8212;&#8212;&#8212;&#8212;&#8211;<\/td>\n<\/tr>\n<tr>\n<td width=\"217\">Did\u00e1ctica y Curriculum del Nivel Primario<\/td>\n<td width=\"192\">Did\u00e1ctica General<\/td>\n<td width=\"195\">&#8212;&#8212;&#8212;&#8212;&#8212;<\/td>\n<\/tr>\n<tr>\n<td width=\"217\">Campo de la Pr\u00e1ctica Docente II<\/td>\n<td width=\"192\">&#8212;&#8212;&#8212;&#8212;&#8212;<\/td>\n<td width=\"195\">Campo de la Pr\u00e1ctica Docente I<\/td>\n<\/tr>\n<tr>\n<td width=\"217\"><strong>Unidades curriculares de 3\u00ba a\u00f1o<\/strong><\/td>\n<td width=\"192\"><strong>Cursada aprobada de:<\/strong><\/td>\n<td width=\"195\"><strong>Unidad curricular acreditada de:<\/strong><\/td>\n<\/tr>\n<tr>\n<td width=\"217\">Configuraciones Culturales del Sujeto Educativo de Primaria<\/td>\n<td width=\"192\">Psicolog\u00eda Social e Institucional<\/td>\n<td width=\"195\">&#8212;&#8212;&#8212;&#8212;&#8212;<\/td>\n<\/tr>\n<tr>\n<td width=\"217\">Medios Audiovisuales, TICs y Educaci\u00f3n<\/td>\n<td width=\"192\">&#8212;&#8212;&#8212;&#8212;&#8212;<\/td>\n<td width=\"195\">&#8212;&#8212;&#8212;&#8212;&#8212;<\/td>\n<\/tr>\n<tr>\n<td width=\"217\">Educaci\u00f3n F\u00edsica Escolar<\/td>\n<td width=\"192\">&#8212;&#8212;&#8212;&#8212;&#8212;<\/td>\n<td width=\"195\">&#8212;&#8212;&#8212;&#8212;&#8212;<\/td>\n<\/tr>\n<tr>\n<td width=\"217\">Did\u00e1ctica de las Pr\u00e1cticas del Lenguaje y la Literatura II<\/td>\n<td width=\"192\">Did\u00e1ctica de las Pr\u00e1cticas del Lenguaje y la Literatura I<\/td>\n<td width=\"195\">&#8212;&#8212;&#8212;&#8212;&#8212;<\/td>\n<\/tr>\n<tr>\n<td width=\"217\">Did\u00e1ctica de las Ciencias Sociales II<\/td>\n<td width=\"192\">Did\u00e1ctica de las Ciencias Sociales I<\/td>\n<td width=\"195\">&#8212;&#8212;&#8212;&#8212;&#8212;<\/td>\n<\/tr>\n<tr>\n<td width=\"217\">Did\u00e1ctica de las Ciencias Naturales II<\/td>\n<td width=\"192\">Did\u00e1ctica de las Ciencias Naturales I<\/td>\n<td width=\"195\">&#8212;&#8212;&#8212;&#8212;&#8212;<\/td>\n<\/tr>\n<tr>\n<td width=\"217\">Did\u00e1ctica de la Matem\u00e1tica II<\/td>\n<td width=\"192\">Did\u00e1ctica de la Matem\u00e1tica I<\/td>\n<td width=\"195\">&#8212;&#8212;&#8212;&#8212;&#8212;<\/td>\n<\/tr>\n<tr>\n<td width=\"217\">Historia y Prospectiva de la Educaci\u00f3n<\/td>\n<td width=\"192\">&#8212;&#8212;&#8212;&#8212;&#8212;<\/td>\n<td width=\"195\">&#8212;&#8212;&#8212;&#8212;&#8212;<\/td>\n<\/tr>\n<tr>\n<td width=\"217\">Pol\u00edticas, Legislaci\u00f3n y Administraci\u00f3n del Trabajo Escolar<\/td>\n<td width=\"192\">&#8212;&#8212;&#8212;&#8212;&#8212;<\/td>\n<td width=\"195\">&#8212;&#8212;&#8212;&#8212;&#8212;<\/td>\n<\/tr>\n<tr>\n<td width=\"217\">Campo de la Pr\u00e1ctica Docente II<\/td>\n<td width=\"192\">&#8212;&#8212;&#8212;&#8212;&#8212;<\/td>\n<td width=\"195\">Campo de la Pr\u00e1ctica Docente II<\/p>\n<p>Did\u00e1ctica de las Pr\u00e1cticas del Lenguaje y la Literatura I<\/p>\n<p>Did\u00e1ctica de las Ciencias Sociales I<\/p>\n<p>Did\u00e1ctica de las Ciencias Naturales I<\/p>\n<p>Did\u00e1ctica de la Matem\u00e1tica I<\/p>\n<p>Did\u00e1ctica y Curriculum del Nivel Primario<\/td>\n<\/tr>\n<tr>\n<td width=\"217\"><strong>Unidades curriculares de 4\u00ba a\u00f1o<\/strong><\/td>\n<td width=\"192\"><strong>Cursada aprobada de:<\/strong><\/td>\n<td width=\"195\"><strong>Unidad curricular acreditada de:<\/strong><\/td>\n<\/tr>\n<tr>\n<td width=\"217\">Pedagog\u00eda Cr\u00edtica de las Diferencias<\/td>\n<td width=\"192\">&#8212;&#8212;&#8212;&#8212;&#8212;<\/td>\n<td width=\"195\">&#8212;&#8212;&#8212;&#8212;&#8212;<\/td>\n<\/tr>\n<tr>\n<td width=\"217\">Ateneo de las Pr\u00e1cticas del Lenguaje y la Literatura<\/td>\n<td width=\"192\">Did\u00e1ctica de las Pr\u00e1cticas del Lenguaje y la Literatura II<\/td>\n<td width=\"195\">&#8212;&#8212;&#8212;&#8212;&#8212;<\/td>\n<\/tr>\n<tr>\n<td width=\"217\">Ateneo de Matem\u00e1tica<\/td>\n<td width=\"192\">Did\u00e1ctica de la Matem\u00e1tica II<\/td>\n<td width=\"195\">&#8212;&#8212;&#8212;&#8212;&#8212;<\/td>\n<\/tr>\n<tr>\n<td width=\"217\">Ateneo de las Ciencias Naturales<\/td>\n<td width=\"192\">Did\u00e1ctica de las Ciencias Naturales II<\/td>\n<td width=\"195\">&#8212;&#8212;&#8212;&#8212;&#8212;<\/td>\n<\/tr>\n<tr>\n<td width=\"217\">Ateneo de las Ciencias Sociales<\/td>\n<td width=\"192\">Did\u00e1ctica de las Ciencias Sociales II<\/td>\n<td width=\"195\">&#8212;&#8212;&#8212;&#8212;&#8212;<\/td>\n<\/tr>\n<tr>\n<td width=\"217\">Reflexi\u00f3n Filos\u00f3fica de la Educaci\u00f3n<\/td>\n<td width=\"192\">Filosof\u00eda<\/p>\n<p>Pedagog\u00eda<\/td>\n<td width=\"195\">&#8212;&#8212;&#8212;&#8212;&#8212;<\/td>\n<\/tr>\n<tr>\n<td width=\"217\">Dimensi\u00f3n \u00e9tico-pol\u00edtica de la praxis docente<\/td>\n<td width=\"192\">Teor\u00edas Sociopol\u00edticas y Educaci\u00f3n<\/td>\n<td width=\"195\">&#8212;&#8212;&#8212;&#8212;&#8212;<\/td>\n<\/tr>\n<tr>\n<td width=\"217\">Campo de la Pr\u00e1ctica Docente IV<\/td>\n<td width=\"192\">Todas las unidades curriculares de segundo a\u00f1o<\/td>\n<td width=\"195\">Campo de la Pr\u00e1ctica Docente<\/p>\n<p>III<\/p>\n<p>Did\u00e1ctica de las Ciencias<\/p>\n<p>Sociales II<\/p>\n<p>Did\u00e1ctica de las Ciencias<\/p>\n<p>Naturales II<\/p>\n<p>Did\u00e1ctica de las Pr\u00e1cticas del<\/p>\n<p>Lenguaje y la Literatura II<\/p>\n<p>Did\u00e1ctica de la Matem\u00e1tica II<\/td>\n<\/tr>\n<\/tbody>\n<\/table>\n","protected":false},"excerpt":{"rendered":"<p>El siguiente esquema de correlatividades entra en plena vigencia en el a\u00f1o 2025 Unidades curriculares de 2\u00ba a\u00f1o Cursada aprobada de: Unidad curricular acreditada de: Psicolog\u00eda del desarrollo y el aprendizaje II Psicolog\u00eda del desarrollo y el aprendizaje I &#8212;&#8212;&#8212;&#8212;&#8212; Psicolog\u00eda Social e Institucional &#8212;&#8212;&#8212;&#8212;&#8212; &#8212;&#8212;&#8212;&#8212;&#8212;- Cultura, Comunicaci\u00f3n y Educaci\u00f3n &#8212;&#8212;&#8212;&#8212;&#8212; &#8212;&#8212;&#8212;&#8212;&#8212;- Educaci\u00f3n Art\u00edstica &#8212;&#8212;&#8212;&#8212;&#8212; &#8230; <a title=\"Correlatividades\" class=\"read-more\" href=\"https:\/\/isfd157-bue.infd.edu.ar\/sitio\/correlatividades\/\" aria-label=\"More on Correlatividades\">[+]<\/a><\/p>\n","protected":false},"author":7,"featured_media":0,"parent":0,"menu_order":0,"comment_status":"closed","ping_status":"closed","template":"","meta":[],"acf":[],"_links":{"self":[{"href":"https:\/\/isfd157-bue.infd.edu.ar\/sitio\/wp-json\/wp\/v2\/pages\/939"}],"collection":[{"href":"https:\/\/isfd157-bue.infd.edu.ar\/sitio\/wp-json\/wp\/v2\/pages"}],"about":[{"href":"https:\/\/isfd157-bue.infd.edu.ar\/sitio\/wp-json\/wp\/v2\/types\/page"}],"author":[{"embeddable":true,"href":"https:\/\/isfd157-bue.infd.edu.ar\/sitio\/wp-json\/wp\/v2\/users\/7"}],"replies":[{"embeddable":true,"href":"https:\/\/isfd157-bue.infd.edu.ar\/sitio\/wp-json\/wp\/v2\/comments?post=939"}],"version-history":[{"count":5,"href":"https:\/\/isfd157-bue.infd.edu.ar\/sitio\/wp-json\/wp\/v2\/pages\/939\/revisions"}],"predecessor-version":[{"id":1161,"href":"https:\/\/isfd157-bue.infd.edu.ar\/sitio\/wp-json\/wp\/v2\/pages\/939\/revisions\/1161"}],"wp:attachment":[{"href":"https:\/\/isfd157-bue.infd.edu.ar\/sitio\/wp-json\/wp\/v2\/media?parent=939"}],"curies":[{"name":"wp","href":"https:\/\/api.w.org\/{rel}","templated":true}]}}