{"id":929,"date":"2018-08-29T18:29:00","date_gmt":"2018-08-29T21:29:00","guid":{"rendered":"https:\/\/isfd157-bue.infd.edu.ar\/sitio\/autoridades\/"},"modified":"2021-11-12T13:54:23","modified_gmt":"2021-11-12T16:54:23","slug":"autoridades","status":"publish","type":"page","link":"https:\/\/isfd157-bue.infd.edu.ar\/sitio\/autoridades\/","title":{"rendered":"Autoridades"},"content":{"rendered":"<pre style=\"text-align: center;\"><strong>EQUIPO DE CONDUCCI\u00d3N\n\n\n<span style=\"color: #000000;\">Prof. Mg. DAVID D\u00cdAZ<\/span><\/strong>\n<span style=\"color: #000000;\">Director Institucional<\/span>\n\n<strong>Prof. SANTIAGO SU\u00d1ER<\/strong>\nVicedirector\n\n<strong><span style=\"color: #000000;\">Prof. GRISELDA PAULINO<\/span><\/strong>\n<span style=\"color: #000000;\">Secretaria<\/span>\n\n<strong><span style=\"color: #000000;\">Prof. GRACIELA SCASSERRA<\/span><\/strong>\n<span style=\"color: #000000;\">Pro Secretaria<\/span>\n\n<strong><span style=\"color: #000000;\">Prof. VILMA SARNO<\/span><\/strong>\n<span style=\"color: #000000;\">Preceptora<\/span> ISFD\n\n<strong><span style=\"color: #000000;\">Prof. MAR\u00cdA MARTA ANDRICH<\/span>\n<span style=\"color: #000000;\">Lic. MAR\u00cdA CRUZ ERDMANN<\/span><\/strong>\n<span style=\"color: #000000;\">Equipo t\u00e9cnico docente coordinador del\nProyecto de Articulaci\u00f3n Curricular Institucional<\/span>\n\n<\/pre>\n","protected":false},"excerpt":{"rendered":"<p>EQUIPO DE CONDUCCI\u00d3N Prof. Mg. DAVID D\u00cdAZ Director Institucional Prof. SANTIAGO SU\u00d1ER Vicedirector Prof. GRISELDA PAULINO Secretaria Prof. GRACIELA SCASSERRA Pro Secretaria Prof. VILMA SARNO Preceptora ISFD Prof. MAR\u00cdA MARTA ANDRICH Lic. MAR\u00cdA CRUZ ERDMANN Equipo t\u00e9cnico docente coordinador del Proyecto de Articulaci\u00f3n Curricular Institucional<\/p>\n","protected":false},"author":7,"featured_media":0,"parent":0,"menu_order":0,"comment_status":"closed","ping_status":"closed","template":"","meta":[],"acf":[],"_links":{"self":[{"href":"https:\/\/isfd157-bue.infd.edu.ar\/sitio\/wp-json\/wp\/v2\/pages\/929"}],"collection":[{"href":"https:\/\/isfd157-bue.infd.edu.ar\/sitio\/wp-json\/wp\/v2\/pages"}],"about":[{"href":"https:\/\/isfd157-bue.infd.edu.ar\/sitio\/wp-json\/wp\/v2\/types\/page"}],"author":[{"embeddable":true,"href":"https:\/\/isfd157-bue.infd.edu.ar\/sitio\/wp-json\/wp\/v2\/users\/7"}],"replies":[{"embeddable":true,"href":"https:\/\/isfd157-bue.infd.edu.ar\/sitio\/wp-json\/wp\/v2\/comments?post=929"}],"version-history":[{"count":7,"href":"https:\/\/isfd157-bue.infd.edu.ar\/sitio\/wp-json\/wp\/v2\/pages\/929\/revisions"}],"predecessor-version":[{"id":1153,"href":"https:\/\/isfd157-bue.infd.edu.ar\/sitio\/wp-json\/wp\/v2\/pages\/929\/revisions\/1153"}],"wp:attachment":[{"href":"https:\/\/isfd157-bue.infd.edu.ar\/sitio\/wp-json\/wp\/v2\/media?parent=929"}],"curies":[{"name":"wp","href":"https:\/\/api.w.org\/{rel}","templated":true}]}}