{"id":927,"date":"2018-08-29T18:28:59","date_gmt":"2018-08-29T21:28:59","guid":{"rendered":"https:\/\/isfd157-bue.infd.edu.ar\/sitio\/plan-de-estudios\/"},"modified":"2020-03-29T21:08:23","modified_gmt":"2020-03-30T00:08:23","slug":"plan-de-estudios","status":"publish","type":"page","link":"https:\/\/isfd157-bue.infd.edu.ar\/sitio\/plan-de-estudios\/","title":{"rendered":"Plan de estudios"},"content":{"rendered":"<p><strong><span style=\"font-family: verdana,geneva; font-size: 12pt;\">Profesorado en Educaci\u00f3n Primaria<\/span><\/strong><\/p>\n<p><strong>\/\/ PRIMER A\u00d1O<\/strong><\/p>\n<p>Taller de lectura, escritura y oralidad (anual)<br \/>\nTaller de Pensamiento l\u00f3gico-matem\u00e1tico<br \/>\nFilosof\u00eda<br \/>\nDid\u00e1ctica General<br \/>\nPedagog\u00eda<br \/>\nAn\u00e1lisis del mundo contempor\u00e1neo<br \/>\nPsicolog\u00eda del desarrollo y del aprendizaje I<br \/>\nCorporeidad y motricidad<br \/>\nArte y Educaci\u00f3n<br \/>\nCampo de la Pr\u00e1ctica I (herramientas de la pr\u00e1ctica y pr\u00e1ctica en terreno)<br \/>\nTaller de Definici\u00f3n Institucional: Teatro<br \/>\nTaller Integrador Interdisciplinario (TAIIN)<\/p>\n<p><strong>\/\/ SEGUNDO A\u00d1O<\/strong><\/p>\n<p>Cultura, comunicaci\u00f3n y educaci\u00f3n<br \/>\nDid\u00e1ctica y curriculum del nivel primario<br \/>\nEducaci\u00f3n art\u00edstica<br \/>\nPsicolog\u00eda del desarrollo y del aprendizaje I<br \/>\nPsicolog\u00eda social e institucional<br \/>\nDid\u00e1ctica de las Pr\u00e1cticas del Lenguaje y la literatura I<br \/>\nDid\u00e1ctica de la Matem\u00e1tica I<br \/>\nDid\u00e1ctica de las Ciencias Sociales I<br \/>\nDid\u00e1ctica de las Ciencias Naturales I<br \/>\nTeor\u00edas sociopol\u00edticas y educaci\u00f3n<br \/>\nCampo de la Pr\u00e1ctica II (herramientas de la pr\u00e1ctica y pr\u00e1ctica en terreno)<br \/>\nTFO: ESI en la Escuela primaria<br \/>\nTaller Integrador Interdisciplinario (TAIIN)<\/p>\n<p><strong>\/\/ TERCER A\u00d1O<\/strong><\/p>\n<p>Configuraciones culturales del sujeto de la educaci\u00f3n primaria (cuatrimestral)<br \/>\nDid\u00e1ctica de las Pr\u00e1cticas del Lenguaje y la literatura II<br \/>\nDid\u00e1ctica de la Matem\u00e1tica II<br \/>\nDid\u00e1ctica de las Ciencias Sociales II<br \/>\nDid\u00e1ctica de las Ciencias Naturales II<br \/>\nEducaci\u00f3n F\u00edsica escolar<br \/>\nHistoria y prospectiva de la Educaci\u00f3n<br \/>\nMedios audiovisuales, TIC&#8217;s y Educaci\u00f3n\u00a0(cuatrimestral)<br \/>\nPol\u00edtica, legislaci\u00f3n y administraci\u00f3n del trabajo escolar<br \/>\nCampo de la Pr\u00e1ctica III (herramientas de la pr\u00e1ctica y pr\u00e1ctica en terreno)<br \/>\nTFO: Producci\u00f3n de materiales did\u00e1cticos para la Educaci\u00f3n Primaria<br \/>\nTaller Integrador Interdisciplinario (TAIIN)<\/p>\n<p><strong>\/\/ CUARTO A\u00d1O<\/strong><\/p>\n<p>Ateneo de las Pr\u00e1cticas del Lenguaje y la literatura<br \/>\nAteneo de Matem\u00e1tica<br \/>\nAteneo de Ciencias Sociales<br \/>\nAteneo de Ciencias Naturales<br \/>\nPedagog\u00eda cr\u00edtica de las diferencias<br \/>\nReflexi\u00f3n filos\u00f3fica de la educaci\u00f3n (cuatrimestral)<br \/>\nDimensi\u00f3n \u00e9tico-pol\u00edtica de la praxis docente (cuatrimestral)<br \/>\nCampo de la Pr\u00e1ctica IV (Pr\u00e1ctica en terreno)<br \/>\nTaller Integrador Interdisciplinario (TAIIN)<\/p>\n","protected":false},"excerpt":{"rendered":"<p>Profesorado en Educaci\u00f3n Primaria \/\/ PRIMER A\u00d1O Taller de lectura, escritura y oralidad (anual) Taller de Pensamiento l\u00f3gico-matem\u00e1tico Filosof\u00eda Did\u00e1ctica General Pedagog\u00eda An\u00e1lisis del mundo contempor\u00e1neo Psicolog\u00eda del desarrollo y del aprendizaje I Corporeidad y motricidad Arte y Educaci\u00f3n Campo de la Pr\u00e1ctica I (herramientas de la pr\u00e1ctica y pr\u00e1ctica en terreno) Taller de Definici\u00f3n &#8230; <a title=\"Plan de estudios\" class=\"read-more\" href=\"https:\/\/isfd157-bue.infd.edu.ar\/sitio\/plan-de-estudios\/\" aria-label=\"More on Plan de estudios\">[+]<\/a><\/p>\n","protected":false},"author":7,"featured_media":0,"parent":0,"menu_order":0,"comment_status":"closed","ping_status":"closed","template":"","meta":[],"acf":[],"_links":{"self":[{"href":"https:\/\/isfd157-bue.infd.edu.ar\/sitio\/wp-json\/wp\/v2\/pages\/927"}],"collection":[{"href":"https:\/\/isfd157-bue.infd.edu.ar\/sitio\/wp-json\/wp\/v2\/pages"}],"about":[{"href":"https:\/\/isfd157-bue.infd.edu.ar\/sitio\/wp-json\/wp\/v2\/types\/page"}],"author":[{"embeddable":true,"href":"https:\/\/isfd157-bue.infd.edu.ar\/sitio\/wp-json\/wp\/v2\/users\/7"}],"replies":[{"embeddable":true,"href":"https:\/\/isfd157-bue.infd.edu.ar\/sitio\/wp-json\/wp\/v2\/comments?post=927"}],"version-history":[{"count":8,"href":"https:\/\/isfd157-bue.infd.edu.ar\/sitio\/wp-json\/wp\/v2\/pages\/927\/revisions"}],"predecessor-version":[{"id":1045,"href":"https:\/\/isfd157-bue.infd.edu.ar\/sitio\/wp-json\/wp\/v2\/pages\/927\/revisions\/1045"}],"wp:attachment":[{"href":"https:\/\/isfd157-bue.infd.edu.ar\/sitio\/wp-json\/wp\/v2\/media?parent=927"}],"curies":[{"name":"wp","href":"https:\/\/api.w.org\/{rel}","templated":true}]}}