{"id":286,"date":"2016-10-31T13:17:59","date_gmt":"2016-10-31T16:17:59","guid":{"rendered":"https:\/\/isfd157-bue.infd.edu.ar\/sitio\/?page_id=286"},"modified":"2021-08-25T17:26:19","modified_gmt":"2021-08-25T20:26:19","slug":"inicio","status":"publish","type":"page","link":"https:\/\/isfd157-bue.infd.edu.ar\/sitio\/","title":{"rendered":"Inicio"},"content":{"rendered":"<p><img decoding=\"async\" loading=\"lazy\" class=\"aligncenter\" src=\"https:\/\/isfd157-bue.infd.edu.ar\/aula\/archivos\/repositorio\/\/0\/26\/PORTADA_ESC._NORMAL.jpg\" width=\"548\" height=\"365\" border=\"0\" \/><\/p>\n<p><span style=\"font-size: 10pt;\">E<\/span><span style=\"font-size: 10pt;\">ste Instituto Superior de Formaci\u00f3n Docente forma parte del sistema de educaci\u00f3n p\u00fablica de gesti\u00f3n estatal.<\/span><\/p>\n<p><span style=\"font-size: 10pt;\">A trav\u00e9s de este sitio web, nuestro Instituto podr\u00e1 comunicar novedades, acercar informaci\u00f3n, compartir experiencias y brindar apoyo y asesoramiento a\u00a0estudiantes, docentes e interesadxs en formar parte de esta comunidad educativa.<\/span><\/p>\n<p>&nbsp;<\/p>\n<p><span style=\"font-size: 14pt;\"><img decoding=\"async\" src=\"https:\/\/isfd157-bue.infd.edu.ar\/sitio\/wp-content\/uploads\/2018\/08\/la_red.jpg\" alt=\"Red virtual\" align=\"left\" border=\"0\" hspace=\"10\" \/><\/span><span style=\"font-size: 10pt;\">Junto con varios cientos de Institutos, integramos la <strong><em>Red\u00a0Virtual de Institutos Superiores de Formaci\u00f3n Docente<\/em><\/strong>\u00a0coordinada por el <strong>INFD<\/strong> (Instituto Nacional de Formaci\u00f3n Docente) dependiente del Ministerio de Educaci\u00f3n de la Naci\u00f3n Argentina.<\/span><\/p>\n<div id=\"metaslider-id-403\" style=\"width: 100%;\" class=\"ml-slider-3-33-0 metaslider metaslider-flex metaslider-403 ml-slider ms-theme-default\" role=\"region\" aria-roledescription=\"Slideshow\" aria-label=\"Slideshow\">\n    <div id=\"metaslider_container_403\">\n        <div id=\"metaslider_403\" class=\"flexslider\">\n            <ul aria-live=\"polite\" class=\"slides\">\n                <li style=\"display: block; width: 100%;\" class=\"slide-607 ms-image\" aria-roledescription=\"slide\" aria-label=\"slide-607\"><a href=\"https:\/\/mapa.infd.edu.ar\/\" target=\"_blank\"><img src=\"https:\/\/isfd157-bue.infd.edu.ar\/sitio\/wp-content\/uploads\/2018\/06\/mapa_infd6-1100x200.png\" height=\"200\" width=\"1100\" alt=\"\" class=\"slider-403 slide-607\" title=\"mapa_infd6\" \/><\/a><\/li>\n                <li style=\"display: none; width: 100%;\" class=\"slide-609 ms-image\" aria-roledescription=\"slide\" aria-label=\"slide-609\"><a href=\"https:\/\/www.argentina.gob.ar\/educacion\/becas\" target=\"_blank\"><img src=\"https:\/\/isfd157-bue.infd.edu.ar\/sitio\/wp-content\/uploads\/2018\/06\/becas7-1100x200.png\" height=\"200\" width=\"1100\" alt=\"\" class=\"slider-403 slide-609\" title=\"becas7\" \/><\/a><\/li>\n                <li style=\"display: none; width: 100%;\" class=\"slide-635 ms-image\" aria-roledescription=\"slide\" aria-label=\"slide-635\"><a href=\"https:\/\/www.argentina.gob.ar\/tema\/estudiar\/formacion-docencia\" target=\"_blank\"><img src=\"https:\/\/isfd157-bue.infd.edu.ar\/sitio\/wp-content\/uploads\/2018\/06\/convocatorias_slide6-1-1100x200.png\" height=\"200\" width=\"1100\" alt=\"\" class=\"slider-403 slide-635\" title=\"convocatorias_slide6-1\" \/><\/a><\/li>\n            <\/ul>\n        <\/div>\n        \n    <\/div>\n<\/div>\n<p>Uno<\/p>\n<p>&nbsp;<\/p>\n","protected":false},"excerpt":{"rendered":"<p>Este Instituto Superior de Formaci\u00f3n Docente forma parte del sistema de educaci\u00f3n p\u00fablica de gesti\u00f3n estatal. A trav\u00e9s de este sitio web, nuestro Instituto podr\u00e1 comunicar novedades, acercar informaci\u00f3n, compartir experiencias y brindar apoyo y asesoramiento a\u00a0estudiantes, docentes e interesadxs en formar parte de esta comunidad educativa. &nbsp; Junto con varios cientos de Institutos, integramos &#8230; <a title=\"Inicio\" class=\"read-more\" href=\"https:\/\/isfd157-bue.infd.edu.ar\/sitio\/\" aria-label=\"More on Inicio\">[+]<\/a><\/p>\n","protected":false},"author":1,"featured_media":0,"parent":0,"menu_order":0,"comment_status":"closed","ping_status":"closed","template":"","meta":[],"acf":[],"_links":{"self":[{"href":"https:\/\/isfd157-bue.infd.edu.ar\/sitio\/wp-json\/wp\/v2\/pages\/286"}],"collection":[{"href":"https:\/\/isfd157-bue.infd.edu.ar\/sitio\/wp-json\/wp\/v2\/pages"}],"about":[{"href":"https:\/\/isfd157-bue.infd.edu.ar\/sitio\/wp-json\/wp\/v2\/types\/page"}],"author":[{"embeddable":true,"href":"https:\/\/isfd157-bue.infd.edu.ar\/sitio\/wp-json\/wp\/v2\/users\/1"}],"replies":[{"embeddable":true,"href":"https:\/\/isfd157-bue.infd.edu.ar\/sitio\/wp-json\/wp\/v2\/comments?post=286"}],"version-history":[{"count":85,"href":"https:\/\/isfd157-bue.infd.edu.ar\/sitio\/wp-json\/wp\/v2\/pages\/286\/revisions"}],"predecessor-version":[{"id":1136,"href":"https:\/\/isfd157-bue.infd.edu.ar\/sitio\/wp-json\/wp\/v2\/pages\/286\/revisions\/1136"}],"wp:attachment":[{"href":"https:\/\/isfd157-bue.infd.edu.ar\/sitio\/wp-json\/wp\/v2\/media?parent=286"}],"curies":[{"name":"wp","href":"https:\/\/api.w.org\/{rel}","templated":true}]}}