{"id":1140,"date":"2021-08-25T17:34:36","date_gmt":"2021-08-25T20:34:36","guid":{"rendered":"https:\/\/isfd157-bue.infd.edu.ar\/sitio\/?page_id=1140"},"modified":"2021-08-25T18:05:35","modified_gmt":"2021-08-25T21:05:35","slug":"inscripciones","status":"publish","type":"page","link":"https:\/\/isfd157-bue.infd.edu.ar\/sitio\/inscripciones\/","title":{"rendered":"INSCRIPCIONES"},"content":{"rendered":"\n<p>Desde este enlace, podr\u00e1s inscribirte en el <strong><strong>TRAYECTO DE FORMACI\u00d3N PEDAG\u00d3GICA PARA PROFESIONALES Y T\u00c9CNICOS CON DESEMPE\u00d1O EN EL NIVEL SECUNDARIO<\/strong><\/strong><\/p>\n\n\n\n<p><a href=\"https:\/\/docs.google.com\/forms\/d\/e\/1FAIpQLSf3NygEus78Cs18XxnO2JvF9BuvWe3BM1TTB79qvKd71PgEXw\/viewform\">https:\/\/docs.google.com\/forms\/d\/e\/1FAIpQLSf3NygEus78Cs18XxnO2JvF9BuvWe3BM1TTB79qvKd71PgEXw\/viewform<\/a><\/p>\n\n\n\n<p>Cualquier consulta, envianos tu mensaje.<\/p>\n","protected":false},"excerpt":{"rendered":"<p>Desde este enlace, podr\u00e1s inscribirte en el TRAYECTO DE FORMACI\u00d3N PEDAG\u00d3GICA PARA PROFESIONALES Y T\u00c9CNICOS CON DESEMPE\u00d1O EN EL NIVEL SECUNDARIO https:\/\/docs.google.com\/forms\/d\/e\/1FAIpQLSf3NygEus78Cs18XxnO2JvF9BuvWe3BM1TTB79qvKd71PgEXw\/viewform Cualquier consulta, envianos tu mensaje.<\/p>\n","protected":false},"author":7,"featured_media":0,"parent":0,"menu_order":0,"comment_status":"closed","ping_status":"closed","template":"","meta":[],"acf":[],"_links":{"self":[{"href":"https:\/\/isfd157-bue.infd.edu.ar\/sitio\/wp-json\/wp\/v2\/pages\/1140"}],"collection":[{"href":"https:\/\/isfd157-bue.infd.edu.ar\/sitio\/wp-json\/wp\/v2\/pages"}],"about":[{"href":"https:\/\/isfd157-bue.infd.edu.ar\/sitio\/wp-json\/wp\/v2\/types\/page"}],"author":[{"embeddable":true,"href":"https:\/\/isfd157-bue.infd.edu.ar\/sitio\/wp-json\/wp\/v2\/users\/7"}],"replies":[{"embeddable":true,"href":"https:\/\/isfd157-bue.infd.edu.ar\/sitio\/wp-json\/wp\/v2\/comments?post=1140"}],"version-history":[{"count":4,"href":"https:\/\/isfd157-bue.infd.edu.ar\/sitio\/wp-json\/wp\/v2\/pages\/1140\/revisions"}],"predecessor-version":[{"id":1147,"href":"https:\/\/isfd157-bue.infd.edu.ar\/sitio\/wp-json\/wp\/v2\/pages\/1140\/revisions\/1147"}],"wp:attachment":[{"href":"https:\/\/isfd157-bue.infd.edu.ar\/sitio\/wp-json\/wp\/v2\/media?parent=1140"}],"curies":[{"name":"wp","href":"https:\/\/api.w.org\/{rel}","templated":true}]}}