{"id":1098,"date":"2020-04-09T20:17:02","date_gmt":"2020-04-09T23:17:02","guid":{"rendered":"https:\/\/isfd157-bue.infd.edu.ar\/sitio\/?page_id=1098"},"modified":"2020-04-10T18:28:40","modified_gmt":"2020-04-10T21:28:40","slug":"formularios","status":"publish","type":"page","link":"https:\/\/isfd157-bue.infd.edu.ar\/sitio\/formularios\/","title":{"rendered":"Formularios"},"content":{"rendered":"<p>Se ruega descargar, completar e imprimir.<\/p>\n<table>\n<tbody>\n<tr>\n<td width=\"137\">ASPECTOS<\/td>\n<td>NOMBRE DEL FORMULARIO<\/td>\n<td>DESCRIPCI\u00d3N<\/td>\n<\/tr>\n<tr>\n<td width=\"137\">Inscripci\u00f3n a las carreras<\/td>\n<td>Formulario Ingreso 2020<\/td>\n<td>Planilla de Inscripci\u00f3n 2020 para el ingreso a la carrera.<\/td>\n<\/tr>\n<tr>\n<td width=\"137\">Matriculaci\u00f3n y rematriculaci\u00f3n<\/td>\n<td>Profesorado de Educaci\u00f3n Primaria<\/td>\n<td>Inscripci\u00f3n a materias por a\u00f1o.<\/td>\n<\/tr>\n<tr>\n<td width=\"137\">Pedido de equivalencias<\/td>\n<td><a href=\"https:\/\/isfd157-bue.infd.edu.ar\/sitio\/wp-content\/uploads\/2020\/04\/Solicitud-de-equivalencia.docx\">Formulario A14<\/a><\/td>\n<td>La solicitud deber\u00e1 presentarse hasta el 5 de mayo<\/td>\n<\/tr>\n<tr>\n<td width=\"137\">Constancia de Asistencia Espacio de la Pr\u00e1ctica<\/td>\n<td><a href=\"https:\/\/isfd157-bue.infd.edu.ar\/sitio\/wp-content\/uploads\/2020\/04\/a11_const_pract.doc\">Formulario A11<\/a><\/td>\n<td>Ser\u00e1 completada y firmada por la Docente en el lugar de la Pr\u00e1ctica, y luego la presentar\u00e1 en Secretar\u00eda, para su posterior sellado.<\/td>\n<\/tr>\n<tr>\n<td width=\"137\">Aptitud Fonoaudiol\u00f3gica<\/td>\n<td><a href=\"https:\/\/isfd157-bue.infd.edu.ar\/sitio\/wp-content\/uploads\/2020\/04\/a4c_ap_fono.doc\">Formulario A4<\/a><\/td>\n<td>Ser\u00e1 completada y firmada por la docente de Fonoaudiolog\u00eda, y luego la presentar\u00e1 en Secretar\u00eda para su posterior sellado.<\/td>\n<\/tr>\n<tr>\n<td width=\"137\">Lecci\u00f3n Paseo, Campamento, Trabajo Pr\u00e1ctico Obligatorio<\/td>\n<td>Formulario A11a<\/td>\n<td>Ser\u00e1 completada y firmada por la docente correspondiente, y luego la presentar\u00e1 en Secretar\u00eda, para su posterior sellado.<\/td>\n<\/tr>\n<tr>\n<td width=\"137\">Solicitud de Constancia de Alumno Regular<\/td>\n<td><a href=\"https:\/\/isfd157-bue.infd.edu.ar\/sitio\/wp-content\/uploads\/2020\/04\/a7_alum_regular.doc\">Formulario A7<\/a><\/td>\n<td>Solamente puede solicitarse cuando el alumno ya se matricul\u00f3 y consta que asisti\u00f3 una semana a clase, como m\u00ednimo. Deber\u00e1 completarla con sus datos personales y debe ser visada por Preceptor\u00eda. Se extender\u00e1 a 48 hs. de la solicitud.<\/td>\n<\/tr>\n<tr>\n<td width=\"137\">Solicitud de situaci\u00f3n acad\u00e9mica<\/td>\n<td>Formulario A9a<\/td>\n<td>Deber\u00e1 solicitarlo en Preceptor\u00eda.<\/td>\n<\/tr>\n<tr>\n<td width=\"137\">Inscripci\u00f3n a acreditaci\u00f3n de libres<\/td>\n<td>Formulario A3<\/td>\n<td>Deber\u00e1 ser presentado por duplicado completo ante su Preceptor, en un lapso no menor a 72 hs antes a la fecha del final.<\/td>\n<\/tr>\n<tr>\n<td width=\"137\">Solicitud de cambios de turno, de carrera o de curso.<\/td>\n<td>Por nota a Direcci\u00f3n con certificaci\u00f3n correspondiente<\/td>\n<td>Hasta fines de abril.<\/td>\n<\/tr>\n<tr>\n<td width=\"137\">Solicitud de Certificado de t\u00edtulo en tr\u00e1mite<\/td>\n<td>Formulario A12<\/td>\n<td>Ser\u00e1 solicitado en Secretar\u00eda, luego de haberse recibido y realizado el control de calificaciones en Preceptor\u00eda.<\/td>\n<\/tr>\n<\/tbody>\n<\/table>\n","protected":false},"excerpt":{"rendered":"<p>Se ruega descargar, completar e imprimir. ASPECTOS NOMBRE DEL FORMULARIO DESCRIPCI\u00d3N Inscripci\u00f3n a las carreras Formulario Ingreso 2020 Planilla de Inscripci\u00f3n 2020 para el ingreso a la carrera. Matriculaci\u00f3n y rematriculaci\u00f3n Profesorado de Educaci\u00f3n Primaria Inscripci\u00f3n a materias por a\u00f1o. Pedido de equivalencias Formulario A14 La solicitud deber\u00e1 presentarse hasta el 5 de mayo Constancia &#8230; <a title=\"Formularios\" class=\"read-more\" href=\"https:\/\/isfd157-bue.infd.edu.ar\/sitio\/formularios\/\" aria-label=\"More on Formularios\">[+]<\/a><\/p>\n","protected":false},"author":7,"featured_media":0,"parent":0,"menu_order":0,"comment_status":"closed","ping_status":"closed","template":"","meta":[],"acf":[],"_links":{"self":[{"href":"https:\/\/isfd157-bue.infd.edu.ar\/sitio\/wp-json\/wp\/v2\/pages\/1098"}],"collection":[{"href":"https:\/\/isfd157-bue.infd.edu.ar\/sitio\/wp-json\/wp\/v2\/pages"}],"about":[{"href":"https:\/\/isfd157-bue.infd.edu.ar\/sitio\/wp-json\/wp\/v2\/types\/page"}],"author":[{"embeddable":true,"href":"https:\/\/isfd157-bue.infd.edu.ar\/sitio\/wp-json\/wp\/v2\/users\/7"}],"replies":[{"embeddable":true,"href":"https:\/\/isfd157-bue.infd.edu.ar\/sitio\/wp-json\/wp\/v2\/comments?post=1098"}],"version-history":[{"count":7,"href":"https:\/\/isfd157-bue.infd.edu.ar\/sitio\/wp-json\/wp\/v2\/pages\/1098\/revisions"}],"predecessor-version":[{"id":1112,"href":"https:\/\/isfd157-bue.infd.edu.ar\/sitio\/wp-json\/wp\/v2\/pages\/1098\/revisions\/1112"}],"wp:attachment":[{"href":"https:\/\/isfd157-bue.infd.edu.ar\/sitio\/wp-json\/wp\/v2\/media?parent=1098"}],"curies":[{"name":"wp","href":"https:\/\/api.w.org\/{rel}","templated":true}]}}